{"id":29838,"date":"2023-07-07T10:40:28","date_gmt":"2023-07-07T08:40:28","guid":{"rendered":"https:\/\/www.primco.ch\/datenschutzbestimmungen\/"},"modified":"2023-11-08T17:46:37","modified_gmt":"2023-11-08T16:46:37","slug":"datenschutzbestimmungen","status":"publish","type":"page","link":"https:\/\/www.primco.ch\/de\/datenschutzbestimmungen\/","title":{"rendered":"Datenschutzbestimmungen"},"content":{"rendered":"<p>[et_pb_section fb_built=&#8220;1&#8243; _builder_version=&#8220;4.21.0&#8243; _module_preset=&#8220;default&#8220; global_colors_info=&#8220;{}&#8220;][et_pb_row _builder_version=&#8220;4.21.0&#8243; _module_preset=&#8220;default&#8220; custom_margin=&#8220;30px||||false|false&#8220; global_colors_info=&#8220;{}&#8220;][et_pb_column type=&#8220;4_4&#8243; _builder_version=&#8220;4.21.0&#8243; _module_preset=&#8220;default&#8220; global_colors_info=&#8220;{}&#8220;][et_pb_text _builder_version=&#8220;4.21.0&#8243; _module_preset=&#8220;default&#8220; global_colors_info=&#8220;{}&#8220;]<\/p>\n<h1>Datenschutzbestimmungen<\/h1>\n<p>[\/et_pb_text][\/et_pb_column][\/et_pb_row][et_pb_row column_structure=&#8220;1_2,1_2&#8243; _builder_version=&#8220;4.21.0&#8243; _module_preset=&#8220;default&#8220; global_colors_info=&#8220;{}&#8220;][et_pb_column type=&#8220;1_2&#8243; _builder_version=&#8220;4.21.0&#8243; _module_preset=&#8220;default&#8220; global_colors_info=&#8220;{}&#8220;][et_pb_text _builder_version=&#8220;4.21.0&#8243; _module_preset=&#8220;default&#8220; global_colors_info=&#8220;{}&#8220;]<\/p>\n<div class=\"page\" title=\"Page 1\">\n<div class=\"layoutArea\">\n<div class=\"column\">\n<h3><span>Datenschutzerkl\u00e4rung<\/span><\/h3>\n<p><span><\/span><\/p>\n<h4><span>1. <\/span><span>Allgemeine Informationen<\/span><\/h4>\n<p>PRIMCO SARL verpflichtet sich, Ihre Privatsph\u00e4re strikt zu respektieren und Ihre pers\u00f6nlichen Daten zu sch\u00fctzen. In dieser Hinsicht erfolgt jede Bearbeitung personenbezogener Daten unter strikter Einhaltung der geltenden Datenschutzgesetze, insbesondere des\u00a0Schweizerischen Bundesgesetzes \u00fcber den Datenschutz\u00a0vom 19. Juni 1992 (DSG) und, soweit anwendbar, der\u00a0EU-Datenschutz-Grundverordnung (EU-DSGVO), die am 25. Mai 2018 in Kraft getreten ist.<br \/>Diese Datenschutzerkla\u0308rung informiert Sie dar\u00fcber, wie wir mit den Daten umgehen, die wir im Rahmen unserer Beziehungen austauschen, einschlie\u00dflich personenbezogener Daten auf unserer Website.<br \/>Personenbezogene Daten\u00a0sind Daten, die verwendet werden k\u00f6nnen, um Sie zu identifizieren, oder die wir auf andere Weise mit Ihnen in Verbindung bringen k\u00f6nnen. Sie umfassen alle Daten und Informationen, die sich auf eine identifizierte oder identifizierbare Person beziehen. Dazu geh\u00f6ren Kontaktdaten wie Name, Telefonnummer, Postanschrift oder E-Mail-Adresse, Sprachpra\u0308ferenz, Funktion und Gesch\u00e4ftsbeziehungen von Ihnen und Ihren Mitarbeitern und Vertretern. In einigen F\u00e4llen werden diese personenbezogenen Daten durch Informationen aus \u00f6ffentlichen Quellen wie Online-Medien oder Arbeitgeber- Websites erg\u00e4nzt, um Ihre berufliche Position zu best\u00e4tigen.<br \/>So erfassen wir bestimmte personenbezogene Daten, die Sie uns freiwillig zur Verf\u00fcgung stellen, z. B. wenn Sie mit uns per E-Mail oder \u00fcber andere Kommunikationsmittel kommunizieren, wenn Sie sich f\u00fcr unsere Newsletter (\u201eNewsletters\u201c) anmelden, wenn Sie andere Dokumente und\/oder Informationen von uns anfordern sowie wenn Sie sich f\u00fcr eine von uns organisierte Veranstaltung anmelden<span>.<\/span><\/p>\n<h4><span><\/span><\/h4>\n<h4><span>2. Verantwortliche Person<\/span><\/h4>\n<p>Der Verantwortliche f\u00fcr die Datenverarbeitung auf dieser Website ist: PRIMCO SARL, route de Jussy 35, CH-1226 Th\u00f4nex, Schweiz.<br \/>Wenn Sie Fragen zum Datenschutz durch unsere Kanzlei und\/oder im Zusammenhang mit unserer Website haben, k\u00f6nnen Sie sich unter der oben genannten Adresse oder per E-Mail (<a href=\"mailto:info@primco.ch)\">info@primco.ch<\/a>) an uns wenden<\/p>\n<p><span><\/span><\/p>\n<h4><span>3. Erhebung und Verarbeitung<\/span><\/h4>\n<p><span>Wir verwenden personenbezogene Daten ausschlie\u00dflich zur Verwaltung unserer Beziehung zu Ihnen und zu Kommunikationszwecken, einschlie\u00dflich der Zusendung von Newslettern und\/oder Einladungen zu Veranstaltungen und allgemein zur Pflege unserer Kontaktliste. In diesem Zusammenhang werden wir Ihre \u00fcbermittelten Kontaktdaten speichern, um Ihre Anfrage zu bearbeiten und Sie zu kontaktieren. <\/span><\/p>\n<h5><span>3.1 Server-Log-Dateien<\/span><\/h5>\n<p><span>Der Provider dieser Website erhebt und speichert automatisch Informationen in so genannten Server-Log-Dateien, die Ihr Browser automatisch an uns \u00fcbermittelt. Diese Informationen k\u00f6nnen Folgendes umfassen, sind aber nicht darauf beschr\u00e4nkt: Browsertyp und Browserversion, verwendetes Betriebssystem, Referrer-URL, Hostname des zugreifenden Computers, Uhrzeit der Serveranfrage, IP-Adresse, etc.<br \/>Diese Daten werden nicht mit anderen pers\u00f6nlichen Daten kombiniert.<\/span><\/p>\n<h5><span>3.2 <\/span><span>Google Analytics<\/span><\/h5>\n<p><span>Diese Website benutzt Google Analytics, einen Webanalysedienst der Google Inc. (\u201eGoogle\u201c). Google Analytics verwendet sog. \u201eCookies\u201c, Textdateien, die auf Ihrem Computer gespeichert werden und die eine Analyse der Benutzung der Website durch die Nutzer erm\u00f6glichen. Die von den Cookies erzeugten Informationen \u00fcber Ihre Nutzung dieser Website (einschlie\u00dflich Ihrer IP-Adresse) werden von Google an Server in den USA weitergeleitet und dort gespeichert. Google wird diese Informationen verwenden, um Ihre Nutzung der Website auszuwerten, um Berichte \u00fcber die Aktivit\u00e4ten auf der Website\u00a0zusammenzustellen und um weitere mit der Nutzung der Website und des Internets verbundene Dienstleistungen zu erbringen. Google kann diese Informationen auch an Dritte weitergeben, wenn dies gesetzlich vorgeschrieben ist oder wenn Dritte diese Daten im Auftrag von Google verarbeiten. Google wird Ihre IP- Adresse nicht mit anderen Daten, die sich im Besitz von Google befinden, in Verbindung bringen. Sie k\u00f6nnen die Verwendung von Cookies ablehnen, indem Sie die entsprechenden Einstellungen in Ihrem Browser w\u00e4hlen. Wir weisen Sie jedoch darauf hin, dass Sie in diesem Fall gegebenenfalls nicht s\u00e4mtliche Funktionen dieser Website vollumf\u00e4nglich nutzen k\u00f6nnen. <\/span><\/p>\n<\/div>\n<\/div>\n<\/div>\n<p>[\/et_pb_text][\/et_pb_column][et_pb_column type=&#8220;1_2&#8243; _builder_version=&#8220;4.21.0&#8243; _module_preset=&#8220;default&#8220; global_colors_info=&#8220;{}&#8220;][et_pb_text _builder_version=&#8220;4.21.0&#8243; _module_preset=&#8220;default&#8220; global_colors_info=&#8220;{}&#8220;]<\/p>\n<div class=\"page\" title=\"Page 1\">\n<div class=\"layoutArea\">\n<div class=\"column\">\n<h4><span>4. Rechtsgrundlagen f\u00fcr die Verarbeitung personenbezogener Daten<\/span><\/h4>\n<p>Die rechtlichen Bezugsgrundlagen f\u00fcr die Verarbeitung personenbezogener Daten sind haupts\u00e4chlich Art. 13 Abs. 2 lit. a DSG und Art. 6 Abs. 1 lit. b DSGVO (Verarbeitung in direktem Zusammenhang mit dem Abschluss oder der Abwicklung eines Vertrags) sowie Art. 13 Abs. 1 DSG und Art. 6 Abs. 1 lit. a, c und f DSGVO (Einwilligung der betroffenen Person oder Rechtfertigung durch Gesetz und berechtigte Interessen).<\/p>\n<h4>5. Speicherung<\/h4>\n<p>Wir speichern und bewahren Ihre personenbezogenen Daten so lange auf, wie es f\u00fcr die in dieser Datenschutzerkla\u0308rung genannten Zwecke erforderlich ist, insbesondere zur Erf\u00fcllung unserer vertraglichen und gesetzlichen Pflichten. Falls erforderlich, werden wir Ihre personenbezogenen Daten auch f\u00fcr andere Zwecke speichern und aufbewahren, wenn und solange dies gesetzlich\u00a0zul\u00e4ssig ist, insbesondere zur Verteidigung von Rechtsanspr\u00fcchen.<\/p>\n<h4>6. Weitergabe an Dritte<\/h4>\n<p>Wir verkaufen Ihre perso\u0308nlichen Daten nicht und machen sie auch nicht Dritten zuga\u0308nglich.<br \/>Wir arbeiten mit einer begrenzten Anzahl von vertrauenswu\u0308rdigen externen Partnern (z. B. IT-Dienstleistern) zusammen, die wir sorgfa\u0308ltig ausgewa\u0308hlt haben. Einige dieser externen Partner ko\u0308nnen Zugang zu bestimmten personenbezogenen Daten haben, wenn sie Dienstleistungen in unserem Auftrag erbringen, hauptsa\u0308chlich zur Wartung und Unterstu\u0308tzung unserer IT- Systeme.<\/p>\n<h4>7. Datensicherheit<\/h4>\n<p><span style=\"font-size: 15px;\">Wir setzen angemessene technische und organisatorische Ma\u00dfnahmen ein, um Ihre personenbezogenen Daten vor Verlust und unbefugtem Zugriff zu schu\u0308tzen. Wir u\u0308berpru\u0308fen unsere Sicherheitsrichtlinien und -verfahren regelma\u0308\u00dfig, um sicherzustellen, dass unsere Systeme sicher und geschu\u0308tzt sind. Diese Website verwendet aus Sicherheitsgru\u0308nden und zum Schutz der U\u0308bertragung vertraulicher Inhalte eine SSL- oder TLS- Verschlu\u0308sselung. Sie erkennen eine verschlu\u0308sselte Verbindung daran, dass die Adresszeile des Browsers von \u201ehttp:\/\/\u201c auf \u201ehttps:\/\/\u201c wechselt und an dem Schlosssymbol in der Browserzeile. Wenn die SSL- oder TLS-Verschlu\u0308sselung aktiviert ist, ko\u0308nnen die Daten, die Sie uns u\u0308bermitteln, nicht von Dritten mitgelesen werden.<br \/>Daru\u0308ber hinaus setzen wir weitere technische und organisatorische Sicherheitsma\u00dfnahmen ein, um Ihre Daten gegen zufa\u0308llige oder vorsa\u0308tzliche Manipulationen, teilweisen oder vollsta\u0308ndigen Verlust, Zersto\u0308rung oder gegen den unbefugten Zugriff Dritter zu schu\u0308tzen.<br \/>Wir weisen jedoch darauf hin, dass die Datenu\u0308bertragung im Internet (z.B. bei der Kommunikation per E-Mail) Sicherheitslu\u0308cken aufweisen kann. Ein lu\u0308ckenloser Schutz der Daten vor dem unberechtigten Zugriff durch Dritte ist nicht mo\u0308glich.<\/span><\/p>\n<div class=\"page\" title=\"Page 1\">\n<div class=\"layoutArea\">\n<div class=\"column\">\n<h4><span>8. Geltendmachung Ihrer Rechte<\/span><\/h4>\n<p><span>Fu\u0308r den Fall, dass Sie Fragen zur Erhebung, Verarbeitung oder Nutzung Ihrer personenbezogenen Daten oder zur Berichtigung, Lo\u0308schung oder Einschra\u0308nkung der Verarbeitung sowie zum Widerruf einer erteilten Einwilligung haben, ko\u0308nnen Sie sich jederzeit u\u0308ber die in Ziffer 2 dieser Erkla\u0308rung genannten Kontaktdaten an uns wenden.<br \/>Sie haben au\u00dferdem ein Widerspruchsrecht und das Recht, Daten zu u\u0308bertragen (d. h. eine Kopie Ihrer personenbezogenen Daten zur weiteren Verwendung zu erhalten), und Sie ko\u0308nnen sich bei\u00a0der zusta\u0308ndigen Aufsichtsbeho\u0308rde u\u0308ber die Datenverarbeitung beschweren. <\/span><\/p>\n<p><span>Th\u00f4nex, Mai 2022 <\/span><\/p>\n<\/div>\n<\/div>\n<\/div>\n<p><span><\/span><\/p>\n<\/div>\n<\/div>\n<\/div>\n<p>[\/et_pb_text][\/et_pb_column][\/et_pb_row][\/et_pb_section]<\/p>\n","protected":false},"excerpt":{"rendered":"<p>Datenschutzbestimmungen Datenschutzerkl\u00e4rung 1. Allgemeine Informationen PRIMCO SARL verpflichtet sich, Ihre Privatsph\u00e4re strikt zu respektieren und Ihre pers\u00f6nlichen Daten zu sch\u00fctzen. In dieser Hinsicht erfolgt jede Bearbeitung personenbezogener Daten unter strikter Einhaltung der geltenden Datenschutzgesetze, insbesondere des\u00a0Schweizerischen Bundesgesetzes \u00fcber den Datenschutz\u00a0vom 19. Juni 1992 (DSG) und, soweit anwendbar, der\u00a0EU-Datenschutz-Grundverordnung (EU-DSGVO), die am 25. Mai 2018 in [&hellip;]<\/p>\n","protected":false},"author":1,"featured_media":0,"parent":0,"menu_order":0,"comment_status":"closed","ping_status":"closed","template":"","meta":{"_et_pb_use_builder":"on","_et_pb_old_content":"","_et_gb_content_width":"","footnotes":""},"class_list":["post-29838","page","type-page","status-publish","hentry"],"aioseo_notices":[],"_links":{"self":[{"href":"https:\/\/www.primco.ch\/de\/wp-json\/wp\/v2\/pages\/29838","targetHints":{"allow":["GET"]}}],"collection":[{"href":"https:\/\/www.primco.ch\/de\/wp-json\/wp\/v2\/pages"}],"about":[{"href":"https:\/\/www.primco.ch\/de\/wp-json\/wp\/v2\/types\/page"}],"author":[{"embeddable":true,"href":"https:\/\/www.primco.ch\/de\/wp-json\/wp\/v2\/users\/1"}],"replies":[{"embeddable":true,"href":"https:\/\/www.primco.ch\/de\/wp-json\/wp\/v2\/comments?post=29838"}],"version-history":[{"count":14,"href":"https:\/\/www.primco.ch\/de\/wp-json\/wp\/v2\/pages\/29838\/revisions"}],"predecessor-version":[{"id":30289,"href":"https:\/\/www.primco.ch\/de\/wp-json\/wp\/v2\/pages\/29838\/revisions\/30289"}],"wp:attachment":[{"href":"https:\/\/www.primco.ch\/de\/wp-json\/wp\/v2\/media?parent=29838"}],"curies":[{"name":"wp","href":"https:\/\/api.w.org\/{rel}","templated":true}]}}