{"id":30679,"date":"2025-01-15T15:01:08","date_gmt":"2025-01-15T14:01:08","guid":{"rendered":"https:\/\/www.primco.ch\/kontakt\/"},"modified":"2025-01-15T15:51:45","modified_gmt":"2025-01-15T14:51:45","slug":"kontakt","status":"publish","type":"page","link":"https:\/\/www.primco.ch\/de\/kontakt\/","title":{"rendered":"Kontakt"},"content":{"rendered":"<p>[et_pb_section fb_built=&#8220;1&#8243; admin_label=&#8220;Contact Form Section&#8220; module_id=&#8220;contactus&#8220; _builder_version=&#8220;4.27.4&#8243; _module_preset=&#8220;default&#8220; custom_margin=&#8220;35px||||false|false&#8220; da_disable_devices=&#8220;off|off|off&#8220; global_colors_info=&#8220;{}&#8220; da_is_popup=&#8220;off&#8220; da_exit_intent=&#8220;off&#8220; da_has_close=&#8220;on&#8220; da_alt_close=&#8220;off&#8220; da_dark_close=&#8220;off&#8220; da_not_modal=&#8220;on&#8220; da_is_singular=&#8220;off&#8220; da_with_loader=&#8220;off&#8220; da_has_shadow=&#8220;on&#8220;][et_pb_row disabled_on=&#8220;off|off|off&#8220; _builder_version=&#8220;4.21.0&#8243; _module_preset=&#8220;default&#8220; global_colors_info=&#8220;{}&#8220;][et_pb_column type=&#8220;4_4&#8243; _builder_version=&#8220;4.21.0&#8243; _module_preset=&#8220;default&#8220; global_colors_info=&#8220;{}&#8220;][et_pb_text _builder_version=&#8220;4.21.0&#8243; _module_preset=&#8220;default&#8220; header_font=&#8220;|700|||||||&#8220; header_font_size=&#8220;32px&#8220; global_colors_info=&#8220;{}&#8220;]<\/p>\n<h1>Kontakt<\/h1>\n<p>[\/et_pb_text][et_pb_text _builder_version=&#8220;4.27.4&#8243; _module_preset=&#8220;default&#8220; global_colors_info=&#8220;{}&#8220;]<\/p>\n<p>F\u00fcr weitere Informationen zu unseren Projekten und Referenzen nehmen Sie bitte Kontakt mit uns auf. Alternativ k\u00f6nnen Sie auch unseren <a href=\"#newsletter_popup_DE\">Newsletter abonnieren<\/a>!<\/p>\n<p>[\/et_pb_text][\/et_pb_column][\/et_pb_row][et_pb_row column_structure=&#8220;2_5,3_5&#8243; _builder_version=&#8220;4.21.0&#8243; _module_preset=&#8220;default&#8220; global_colors_info=&#8220;{}&#8220;][et_pb_column type=&#8220;2_5&#8243; _builder_version=&#8220;4.21.0&#8243; _module_preset=&#8220;default&#8220; global_colors_info=&#8220;{}&#8220;][et_pb_image src=&#8220;https:\/\/www.primco.ch\/wp-content\/uploads\/2023\/05\/Logo1.svg&#8220; title_text=&#8220;Logo1&#8243; align=&#8220;center&#8220; _builder_version=&#8220;4.21.0&#8243; _module_preset=&#8220;default&#8220; width=&#8220;50%&#8220; width_tablet=&#8220;50%&#8220; width_phone=&#8220;49%&#8220; width_last_edited=&#8220;on|phone&#8220; custom_margin=&#8220;41px|||||&#8220; global_colors_info=&#8220;{}&#8220;][\/et_pb_image][et_pb_text _builder_version=&#8220;4.21.0&#8243; _module_preset=&#8220;default&#8220; text_orientation=&#8220;center&#8220; custom_margin=&#8220;80px|||||&#8220; global_colors_info=&#8220;{}&#8220;]<\/p>\n<p><strong>PRIMCO SARL<\/strong><br \/>Route de Jussy 35<br \/>1226 Th\u00f4nex<br \/>Schweiz<\/p>\n<p>+41 78 623 21 00<\/p>\n<p>info@primco.ch<\/p>\n<p>[\/et_pb_text][et_pb_social_media_follow use_icon_font_size=&#8220;on&#8220; icon_font_size=&#8220;27px&#8220; _builder_version=&#8220;4.21.0&#8243; _module_preset=&#8220;default&#8220; text_orientation=&#8220;center&#8220; global_colors_info=&#8220;{}&#8220;][et_pb_social_media_follow_network social_network=&#8220;linkedin&#8220; url=&#8220;https:\/\/www.linkedin.com\/company\/primcogroup&#8220; use_icon_font_size=&#8220;on&#8220; icon_font_size=&#8220;19px&#8220; _builder_version=&#8220;4.21.0&#8243; _module_preset=&#8220;default&#8220; background_color=&#8220;gcid-77bf3b78-6de9-4975-a51e-826008989a79&#8243; background_enable_color=&#8220;on&#8220; global_colors_info=&#8220;{%22gcid-77bf3b78-6de9-4975-a51e-826008989a79%22:%91%22background_color%22%93}&#8220; follow_button=&#8220;off&#8220; url_new_window=&#8220;on&#8220;]linkedin[\/et_pb_social_media_follow_network][\/et_pb_social_media_follow][et_pb_image src=&#8220;https:\/\/www.primco.ch\/wp-content\/uploads\/2023\/06\/QRcode.svg&#8220; title_text=&#8220;QRcode&#8220; url=&#8220;https:\/\/www.primco.ch\/wp-content\/uploads\/PY-Rollin.vcf&#8220; url_new_window=&#8220;on&#8220; disabled_on=&#8220;off|off|off&#8220; _builder_version=&#8220;4.21.0&#8243; _module_preset=&#8220;default&#8220; width=&#8220;20%&#8220; width_tablet=&#8220;15%&#8220; width_phone=&#8220;25%&#8220; width_last_edited=&#8220;on|phone&#8220; module_alignment=&#8220;center&#8220; global_colors_info=&#8220;{}&#8220; width__hover_enabled=&#8220;off|desktop&#8220;][\/et_pb_image][et_pb_image src=&#8220;https:\/\/www.primco.ch\/wp-content\/uploads\/2023\/08\/logo_membre_ccifs_signature.png&#8220; title_text=&#8220;logo_membre_ccifs_signature&#8220; url=&#8220;https:\/\/www.ccifs.ch\/&#8220; url_new_window=&#8220;on&#8220; disabled_on=&#8220;off|off|off&#8220; _builder_version=&#8220;4.22.1&#8243; _module_preset=&#8220;default&#8220; width=&#8220;35%&#8220; width_tablet=&#8220;25%&#8220; width_phone=&#8220;40%&#8220; width_last_edited=&#8220;on|phone&#8220; module_alignment=&#8220;center&#8220; global_colors_info=&#8220;{}&#8220; width__hover_enabled=&#8220;off|desktop&#8220;][\/et_pb_image][\/et_pb_column][et_pb_column type=&#8220;3_5&#8243; _builder_version=&#8220;4.21.0&#8243; _module_preset=&#8220;default&#8220; global_colors_info=&#8220;{}&#8220;][dvppl_cf7_styler form_padding=&#8220;40px|30px|20px|30px|false|false&#8220; cf7=&#8220;29553&#8243; form_field_height=&#8220;45px&#8220; form_background_color=&#8220;gcid-259e165c-50d4-4b67-a49c-45f2cb3f0d78&#8243; form_field_spacing=&#8220;30px&#8220; _builder_version=&#8220;4.21.0&#8243; _module_preset=&#8220;default&#8220; form_field_font_font=&#8220;||||||||&#8220; form_field_font_font_size=&#8220;14px&#8220; labels_font=&#8220;||||||||&#8220; placeholder_font=&#8220;||||||||&#8220; placeholder_font_size=&#8220;14px&#8220; custom_submit_button=&#8220;on&#8220; submit_button_text_size=&#8220;20px&#8220; submit_button_bg_color=&#8220;gcid-73ca3707-18e0-4597-adda-eb07b32796b5&#8243; submit_button_border_width=&#8220;0px&#8220; custom_margin=&#8220;26px|||||&#8220; animation_style=&#8220;fade&#8220; animation_direction=&#8220;right&#8220; animation_duration=&#8220;500ms&#8220; border_radii=&#8220;on|8px|8px|8px|8px&#8220; border_radii_field=&#8220;on|6px|6px|6px|6px&#8220; border_style_all_field=&#8220;none&#8220; box_shadow_style=&#8220;preset2&#8243; global_colors_info=&#8220;{%22gcid-73ca3707-18e0-4597-adda-eb07b32796b5%22:%91%22submit_button_bg_color%22%93,%22gcid-c8941e49-2d1e-4a9e-8ff6-a94272737996%22:%91%22form_header_icon_color%22%93,%22gcid-259e165c-50d4-4b67-a49c-45f2cb3f0d78%22:%91%22form_header_img_bg%22,%22form_background_color%22%93}&#8220; submit_button_bg_color__hover_enabled=&#8220;off|desktop&#8220;][\/dvppl_cf7_styler][\/et_pb_column][\/et_pb_row][\/et_pb_section][et_pb_section fb_built=&#8220;1&#8243; admin_label=&#8220;Popup &#8211; #newsletter_popup_DE&#8220; module_id=&#8220;newsletter_popup_DE&#8220; module_class=&#8220;popup close-alt&#8220; _builder_version=&#8220;4.27.4&#8243; _module_preset=&#8220;default&#8220; background_color=&#8220;gcid-259e165c-50d4-4b67-a49c-45f2cb3f0d78&#8243; max_width=&#8220;50vw&#8220; custom_padding=&#8220;0px|0px|0px|0px|false|false&#8220; da_is_popup=&#8220;on&#8220; da_popup_slug=&#8220;newsletter_popup_DE&#8220; da_alt_close=&#8220;on&#8220; da_disable_devices=&#8220;off|off|off&#8220; border_radii=&#8220;on|15px|15px|15px|15px&#8220; border_width_all=&#8220;2px&#8220; border_color_all=&#8220;gcid-73ca3707-18e0-4597-adda-eb07b32796b5&#8243; global_colors_info=&#8220;{%22gcid-259e165c-50d4-4b67-a49c-45f2cb3f0d78%22:%91%22background_color%22%93,%22gcid-73ca3707-18e0-4597-adda-eb07b32796b5%22:%91%22border_color_all%22%93}&#8220; theme_builder_area=&#8220;post_content&#8220; da_exit_intent=&#8220;off&#8220; da_has_close=&#8220;on&#8220; da_dark_close=&#8220;off&#8220; da_not_modal=&#8220;on&#8220; da_is_singular=&#8220;off&#8220; da_with_loader=&#8220;off&#8220; da_has_shadow=&#8220;on&#8220;][et_pb_row _builder_version=&#8220;4.27.4&#8243; _module_preset=&#8220;default&#8220; module_alignment=&#8220;center&#8220; custom_margin=&#8220;0px|0px|0px|0px|false|false&#8220; custom_padding=&#8220;0px|0px|0px|0px|false|false&#8220; global_colors_info=&#8220;{}&#8220; theme_builder_area=&#8220;post_content&#8220;][et_pb_column type=&#8220;4_4&#8243; _builder_version=&#8220;4.27.4&#8243; _module_preset=&#8220;default&#8220; custom_padding=&#8220;0px|0px|0px|0px|false|false&#8220; global_colors_info=&#8220;{}&#8220; theme_builder_area=&#8220;post_content&#8220;][et_pb_code disabled_on=&#8220;off|off|off&#8220; _builder_version=&#8220;4.27.4&#8243; _module_preset=&#8220;default&#8220; text_orientation=&#8220;center&#8220; global_colors_info=&#8220;{}&#8220; theme_builder_area=&#8220;post_content&#8220;]<\/p>\n<form method=\"post\" action=\"https:\/\/newsletter.infomaniak.com\/v3\/api\/1\/newsletters\/webforms\/19102\/submit\" class=\"inf-form\"><input type=\"email\" name=\"email\" style=\"display:none\" \/><input type=\"hidden\" name=\"key\" value=\"eyJpdiI6Inp5WlVXaXlGNFhEQkhreVJPckhvUURMRmZDbktUeU5vSEUwdWduVUFKa289IiwibWFjIjoiZjc2Y2Y1MzEzMWYwYzU4OWJiZjQ3ODUyNTAxNjk3NTQ1YjU5ZDI1YjIyOGZmM2RjY2RjOTM3MTYyZGJmMGNmZCIsInZhbHVlIjoiRGJwV0RFd2NGRWdVMmprXC9kT1NiTkVUSDR5RGlXeEFxRWJpdUY3akRrT3c9In0=\"><input type=\"hidden\" name=\"webform_id\" value=\"19102\"><\/p>\n<style> .inf-main_7ab581c337ee3c0d15ab76aa483ecc87{ background-color:#edece8; padding:25px 20px; margin:25px auto; } .inf-main_7ab581c337ee3c0d15ab76aa483ecc87 .inf-content { margin-top:13px;} .inf-main_7ab581c337ee3c0d15ab76aa483ecc87 h4, .inf-main_7ab581c337ee3c0d15ab76aa483ecc87 span, .inf-main_7ab581c337ee3c0d15ab76aa483ecc87 label, .inf-main_7ab581c337ee3c0d15ab76aa483ecc87 input, .inf-main_7ab581c337ee3c0d15ab76aa483ecc87 .inf-submit, .inf-main_7ab581c337ee3c0d15ab76aa483ecc87 .inf-success p a { color:#555555; font-size:14px; } .inf-main_7ab581c337ee3c0d15ab76aa483ecc87 h4{ font-size:18px; margin:0px 0px 13px 0px; } .inf-main_7ab581c337ee3c0d15ab76aa483ecc87 h4, .inf-main_7ab581c337ee3c0d15ab76aa483ecc87 label{ font-weight:bold; } .inf-main_7ab581c337ee3c0d15ab76aa483ecc87 .inf-input { margin-bottom:7px; } .inf-main_7ab581c337ee3c0d15ab76aa483ecc87 label { display:block;} .inf-main_7ab581c337ee3c0d15ab76aa483ecc87 input{ height:35px; color:#999999; border: 1px solid #E9E9E9; border:none; padding-left:7px; } .inf-main_7ab581c337ee3c0d15ab76aa483ecc87 .inf-input.inf-error label, .inf-main_7ab581c337ee3c0d15ab76aa483ecc87 .inf-input.inf-error span.inf-message{ color: #cc0033; } .inf-main_7ab581c337ee3c0d15ab76aa483ecc87 .inf-input.inf-error input{ border: 1px solid #cc0033; } .inf-main_7ab581c337ee3c0d15ab76aa483ecc87 .inf-input input { width:100%;} .inf-main_7ab581c337ee3c0d15ab76aa483ecc87 .inf-input.inf-error span.inf-message { display: block; } .inf-main_7ab581c337ee3c0d15ab76aa483ecc87 .inf-submit { text-align:right;} .inf-main_7ab581c337ee3c0d15ab76aa483ecc87 .inf-submit input{ background-color:#777777; color:#ffffff; border:none; font-weight: normal; height:auto; padding:7px; } .inf-main_7ab581c337ee3c0d15ab76aa483ecc87 .inf-submit input.disabled{ opacity: 0.4; } .inf-btn { color: rgb(85, 85, 85); border: medium none; font-weight: normal; height: auto; padding: 7px; display: inline-block; background-color: white; box-shadow: 0px 1px 1px rgba(0, 0, 0, 0.24); border-radius: 2px; line-height: 1em; } .inf-rgpd { margin:25px 0px 15px 0px; color:#555555; } <\/style>\n<div class=\"inf-main_7ab581c337ee3c0d15ab76aa483ecc87\">\n<h3>Newsletter Anmeldung<\/h3>\n<p> <span><\/span> <\/p>\n<div class=\"inf-success\" style=\"display:none\">\n<h4>Ihre Anmeldung wurde erfolgreich registriert!<\/h4>\n<pee> <a href=\"#\" class=\"inf-btn\">\u00ab<\/a> <\/pee> <\/div>\n<div class=\"inf-content\">\n<div class=\"inf-input inf-input-text\"> <input type=\"email\" name=\"inf[1]\" data-inf-meta=\"1\" data-inf-error=\"\" required=\"required\" placeholder=\"Email *\"> <\/div>\n<div class=\"inf-input inf-input-text\"> <input type=\"text\" name=\"inf[2]\" data-inf-meta=\"2\" data-inf-error=\"\" required=\"required\" placeholder=\"Vorname *\"> <\/div>\n<div class=\"inf-input inf-input-text\"> <input type=\"text\" name=\"inf[3]\" data-inf-meta=\"3\" data-inf-error=\"\" required=\"required\" placeholder=\"Nachname *\"> <\/div>\n<div class=\"inf-input inf-input-text\"> <input type=\"text\" name=\"inf[65043]\" data-inf-meta=\"65043\" data-inf-error=\"\" required=\"required\" placeholder=\"Unternehmen *\"> <\/div>\n<div class=\"inf-input inf-input-text\"> <input type=\"text\" name=\"inf[65044]\" data-inf-meta=\"65044\" data-inf-error=\"\" required=\"required\" placeholder=\"Funktion *\"> <\/div>\n<div class=\"inf-rgpd\">Ihre E-Mail-Adresse wird nur verwendet, um Ihnen unseren Newsletter und Informationen \u00fcber unsere Aktivit\u00e4ten zuzusenden. Sie k\u00f6nnen sich jederzeit abmelden, indem Sie den in jeder unserer E-Mails enthaltenen Abmeldelink benutzen.<\/div>\n<div style=\"\"> <label data-mcaptcha_url=\"https:\/\/captcha.infomaniak.com\/widget\/?sitekey=wKJaAigS1e48fWgqtjvg5w7rKA6QIwmy\" for=\"mcaptcha__token\" id=\"mcaptcha__token-label\"> <input type=\"text\" name=\"mcaptcha__token\" id=\"mcaptcha__token\" \/> <\/label> <\/p>\n<div id=\"mcaptcha__widget-container\"><\/div>\n<p> <script src=\"https:\/\/unpkg.com\/@mcaptcha\/vanilla-glue@0.1.0-rc2\/dist\/index.js\"><\/script> <\/div>\n<div class=\"inf-submit\"> <input type=\"submit\" style=\"margin-top: 25px;\" name=\"\" value=\"Abonnieren\"> <\/div>\n<\/p><\/div>\n<\/p><\/div>\n<\/p><\/form>\n<p>[\/et_pb_code][\/et_pb_column][\/et_pb_row][\/et_pb_section]<\/p>\n","protected":false},"excerpt":{"rendered":"<p>KontaktF\u00fcr weitere Informationen zu unseren Projekten und Referenzen nehmen Sie bitte Kontakt mit uns auf. Alternativ k\u00f6nnen Sie auch unseren Newsletter abonnieren!PRIMCO SARLRoute de Jussy 351226 Th\u00f4nexSchweiz +41 78 623 21 00 info@primco.ch<div class=\"et_pb_module dvppl_cf7_styler dvppl_cf7_styler_0 et_animated\">\n\t\t\t\t\n\t\t\t\t\n\t\t\t\t\n\t\t\t\t\n\t\t\t\t\n\t\t\t\t\n\t\t\t\t<div class=\"et_pb_module_inner\">\n\t\t\t\t\t<div class=\"dipe-cf7-container dipe-cf7-button-left\">\n\t\t\t\t\n\t\t\t\t<div class=\"dipe-cf7 dipe-cf7-styler \">\n\t\t\t\t\t<p class=\"wpcf7-contact-form-not-found\"><strong>Fehler:<\/strong> Kontaktformular wurde nicht gefunden.<\/p>\n\t\t\t\t<\/div>\n\t\t\t<\/div>\n\t\t\t\t<\/div>\n\t\t\t<\/div><\/p>\n","protected":false},"author":1,"featured_media":0,"parent":0,"menu_order":0,"comment_status":"closed","ping_status":"closed","template":"","meta":{"_et_pb_use_builder":"on","_et_pb_old_content":"","_et_gb_content_width":"","footnotes":""},"class_list":["post-30679","page","type-page","status-publish","hentry"],"_links":{"self":[{"href":"https:\/\/www.primco.ch\/de\/wp-json\/wp\/v2\/pages\/30679","targetHints":{"allow":["GET"]}}],"collection":[{"href":"https:\/\/www.primco.ch\/de\/wp-json\/wp\/v2\/pages"}],"about":[{"href":"https:\/\/www.primco.ch\/de\/wp-json\/wp\/v2\/types\/page"}],"author":[{"embeddable":true,"href":"https:\/\/www.primco.ch\/de\/wp-json\/wp\/v2\/users\/1"}],"replies":[{"embeddable":true,"href":"https:\/\/www.primco.ch\/de\/wp-json\/wp\/v2\/comments?post=30679"}],"version-history":[{"count":4,"href":"https:\/\/www.primco.ch\/de\/wp-json\/wp\/v2\/pages\/30679\/revisions"}],"predecessor-version":[{"id":30702,"href":"https:\/\/www.primco.ch\/de\/wp-json\/wp\/v2\/pages\/30679\/revisions\/30702"}],"wp:attachment":[{"href":"https:\/\/www.primco.ch\/de\/wp-json\/wp\/v2\/media?parent=30679"}],"curies":[{"name":"wp","href":"https:\/\/api.w.org\/{rel}","templated":true}]}}